{"id":53,"date":"2023-07-03T21:18:11","date_gmt":"2023-07-04T00:18:11","guid":{"rendered":"https:\/\/marcapacita.com\/?page_id=53"},"modified":"2023-07-06T14:03:46","modified_gmt":"2023-07-06T17:03:46","slug":"curso-registro-marca","status":"publish","type":"page","link":"https:\/\/marcapacita.com\/index.php\/curso-registro-marca\/","title":{"rendered":"Agente de Marcas"},"content":{"rendered":"\n<p>\ud83d\udcda\ud83d\udd8b\ufe0f Bem-vindo(a) ao nosso <a href=\"https:\/\/pay.kiwify.com.br\/xLxLPhK\" target=\"_blank\" rel=\"noreferrer noopener\"><strong>Curso de Registro de Marcas<\/strong>: <strong>teoria e pr\u00e1tica<\/strong>!<\/a><\/p>\n\n\n\n<div class=\"wp-block-group alignfull has-midnight-gradient-background has-text-color has-background has-medium-font-size is-layout-constrained wp-block-group-is-layout-constrained\" style=\"color:#000000\"><div class=\"wp-block-group__inner-container\">\n<p class=\"has-text-align-center has-base-3-color has-text-color has-small-font-size\" style=\"line-height:.9\"><strong>CURSO COMPLETO: TEORIA E PR\u00c1TICA<\/strong><\/p>\n\n\n\n<h2 class=\"wp-block-heading has-text-align-center has-base-3-color has-text-color\" id=\"schedule-a-visit\" style=\"font-size:59px;line-height:1.15\"><strong>Eu quero adquirir agora<\/strong><\/h2>\n\n\n\n<div class=\"wp-block-buttons is-horizontal is-content-justification-center is-layout-flex wp-container-core-buttons-layout-1 wp-block-buttons-is-layout-flex\">\n<div class=\"wp-block-button has-custom-width wp-block-button__width-50\"><a class=\"wp-block-button__link has-luminous-vivid-orange-to-vivid-red-gradient-background has-text-color has-background wp-element-button\" href=\"https:\/\/pay.kiwify.com.br\/xLxLPhK\" style=\"border-radius:50px;color:#ffffff\" target=\"_blank\" rel=\"noreferrer noopener\">CLIQUE AQUI<\/a><\/div>\n<\/div>\n<\/div><\/div>\n\n\n\n<p><\/p>\n\n\n\n<p>Voc\u00ea busca <strong>liberdade, autonomia financeira e flexibilidade<\/strong> em sua jornada empreendedora? Deseja aprender a registrar marcas de forma profissional e se tornar um especialista capaz de monetizar esse conhecimento? Ent\u00e3o voc\u00ea est\u00e1 no lugar certo!<\/p>\n\n\n\n<p>\ud83d\udccc Nosso curso foi cuidadosamente desenvolvido para atender a dois p\u00fablicos-alvo distintos, mas igualmente motivados:<\/p>\n\n\n\n<p>1\ufe0f\u20e3 <strong>Para quem deseja registrar a pr\u00f3pria marca<\/strong>: Voc\u00ea tem uma ideia, um neg\u00f3cio ou um projeto que deseja proteger e consolidar? Nosso curso oferece o conhecimento e as estrat\u00e9gias necess\u00e1rias para que voc\u00ea possa registrar sua marca de maneira eficaz, garantindo a seguran\u00e7a e o reconhecimento que seu empreendimento merece.<\/p>\n\n\n\n<p>2\ufe0f\u20e3 <strong>Para quem quer ganhar dinheiro registrando marcas<\/strong>: Voc\u00ea est\u00e1 em busca de novas oportunidades para empreender e obter autonomia financeira? Aprender a registrar marcas pode ser uma excelente fonte de renda. Com nosso curso, voc\u00ea ter\u00e1 acesso \u00e0s t\u00e9cnicas e estrat\u00e9gias para oferecer servi\u00e7os de registro de marca profissionais, abrindo portas para um neg\u00f3cio lucrativo e flex\u00edvel.<\/p>\n\n\n\n<p>\u2728 O que voc\u00ea pode esperar do nosso <strong><a href=\"https:\/\/pay.kiwify.com.br\/xLxLPhK\" target=\"_blank\" rel=\"noreferrer noopener\">CURSO DE REGISTRO DE MARCAS: TEORIA E PR\u00c1TICA<\/a><\/strong><\/p>\n\n\n\n<p>\ud83d\udd12 <strong>Liberdade e seguran\u00e7a<\/strong>: Ao registrar sua pr\u00f3pria marca, voc\u00ea garante prote\u00e7\u00e3o legal e fortalece sua identidade no mercado. Como especialistas no assunto, compartilharemos com voc\u00ea todo o conhecimento necess\u00e1rio para que voc\u00ea possa fazer isso de forma independente e assertiva, por meio de um material de alta qualidade.<\/p>\n\n\n\n<p>\ud83d\udcbc <strong>Oportunidade de neg\u00f3cio<\/strong>: Aprender a registrar marcas n\u00e3o \u00e9 apenas uma habilidade valiosa para proteger seu pr\u00f3prio empreendimento, mas tamb\u00e9m uma porta de entrada para um neg\u00f3cio pr\u00f3spero. Com nossas t\u00e9cnicas e orienta\u00e7\u00f5es, voc\u00ea estar\u00e1 preparado(a) para oferecer servi\u00e7os profissionais de registro de marcas, ganhando autonomia financeira e flexibilidade.<\/p>\n\n\n\n<p>\ud83d\udda5\ufe0f <strong>Conte\u00fado de qualidade acess\u00edvel a qualquer hora<\/strong>: Nosso curso permite que voc\u00ea estude no seu pr\u00f3prio ritmo, de acordo com sua disponibilidade e conveni\u00eancia. O material est\u00e1 dispon\u00edvel para download imediato, possibilitando que voc\u00ea acesse e estude as informa\u00e7\u00f5es sempre que desejar.<\/p>\n\n\n\n<p>\ud83d\udcde <strong>Suporte personalizado<\/strong>: Estamos sempre dispon\u00edveis para responder suas d\u00favidas e fornecer orienta\u00e7\u00f5es individuais ao longo do curso. Nossa equipe estar\u00e1 ao seu lado, oferecendo suporte e aux\u00edlio em cada etapa do processo, por meio de canais de comunica\u00e7\u00e3o dedicados.<\/p>\n\n\n\n<p>\ud83d\ude80 N\u00e3o deixe que a falta de conhecimento seja um obst\u00e1culo para seus objetivos. Conquiste a liberdade, a autonomia financeira e a flexibilidade que voc\u00ea merece! Junte-se a n\u00f3s e descubra como registrar marcas de forma profissional e lucrativa, atrav\u00e9s do nosso curso completo.<\/p>\n\n\n\n<p>\ud83d\udce2 Adquira agora mesmo nosso <strong><a href=\"https:\/\/pay.kiwify.com.br\/xLxLPhK\" target=\"_blank\" rel=\"noreferrer noopener\">Curso de Registro de Marcas: teoria e pr\u00e1tica<\/a><\/strong> e d\u00ea um passo importante em dire\u00e7\u00e3o ao sucesso e \u00e0 independ\u00eancia financeira. Se n\u00e3o for o que voc\u00ea est\u00e1 esperando, devolvemos o seu dinheiro. Clique no bot\u00e3o abaixo e confira:<\/p>\n\n\n\n<div class=\"wp-block-group alignfull has-base-3-color has-luminous-vivid-orange-to-vivid-red-gradient-background has-text-color has-background is-vertical is-content-justification-center is-nowrap is-layout-flex wp-container-core-group-layout-2 wp-block-group-is-layout-flex\">\n<p class=\"has-text-align-center has-small-font-size\" style=\"line-height:.9\">CURSO DE REGISTRO DE MARCAS: TEORIA E PR\u00c1TICA<\/p>\n\n\n\n<h2 class=\"wp-block-heading has-text-align-center has-base-3-color has-text-color\" id=\"schedule-a-visit\" style=\"font-size:59px;line-height:1.15\"><strong>EU QUERO<\/strong><\/h2>\n\n\n\n<div class=\"wp-block-buttons is-horizontal is-content-justification-center is-layout-flex wp-container-core-buttons-layout-2 wp-block-buttons-is-layout-flex\">\n<div class=\"wp-block-button has-custom-width wp-block-button__width-100\"><a class=\"wp-block-button__link has-midnight-gradient-background has-text-color has-background wp-element-button\" href=\"https:\/\/pay.kiwify.com.br\/xLxLPhK\" style=\"border-radius:50px;color:#ffffff\" target=\"_blank\" rel=\"noreferrer noopener\">CLIQUE AQUI<\/a><\/div>\n<\/div>\n<\/div>\n\n\n\n<p><\/p>\n\n\n\n<p>\u2705 Aproveite essa oportunidade de aprender e monetizar o registro de marcas. D\u00ea o primeiro passo em dire\u00e7\u00e3o \u00e0 realiza\u00e7\u00e3o dos seus sonhos. Estamos ansiosos para sermos seus guias nessa jornada de liberdade e autonomia financeira.<\/p>\n\n\n\n<p>Para mais informa\u00e7\u00f5es ou qualquer d\u00favida, n\u00e3o hesite em nos contatar. Estamos aqui para ajudar voc\u00ea a alcan\u00e7ar seus objetivos de liberdade, autonomia financeira e flexibilidade.<\/p>\n\n\n\n<p>\ud83d\udcde 48 999762649<br>\ud83d\udce7 contato@marcapacita.com<\/p>\n\n\n\n<p>\ud83d\udcbc Viva a liberdade. Alcance a autonomia financeira. Aprenda e lucre com o registro de marcas. Adquira nosso completo Curso agora mesmo! \ud83c\udf93\ud83d\udcb0<\/p>\n","protected":false},"excerpt":{"rendered":"<p>\ud83d\udcda\ud83d\udd8b\ufe0f Bem-vindo(a) ao nosso Curso de Registro de Marcas: teoria e pr\u00e1tica! CURSO COMPLETO: TEORIA E PR\u00c1TICA Eu quero adquirir agora Voc\u00ea busca liberdade, autonomia financeira e flexibilidade em sua jornada empreendedora? Deseja aprender a registrar marcas de forma profissional e se tornar um especialista capaz de monetizar esse conhecimento? Ent\u00e3o voc\u00ea est\u00e1 no lugar &#8230; <a title=\"Agente de Marcas\" class=\"read-more\" href=\"https:\/\/marcapacita.com\/index.php\/curso-registro-marca\/\" aria-label=\"More on Agente de Marcas\">Read more<\/a><\/p>\n","protected":false},"author":1,"featured_media":0,"parent":0,"menu_order":0,"comment_status":"closed","ping_status":"closed","template":"","meta":{"om_disable_all_campaigns":false,"_monsterinsights_skip_tracking":false,"_monsterinsights_sitenote_active":false,"_monsterinsights_sitenote_note":"","_monsterinsights_sitenote_category":0,"footnotes":""},"yoast_head":"<!-- This site is optimized with the Yoast SEO plugin v20.12 - https:\/\/yoast.com\/wordpress\/plugins\/seo\/ -->\n<title>Agente de Marcas - marcapacita.com<\/title>\n<meta name=\"description\" content=\"Aprenda a proteger sua marca ou ganhe dinheiro oferecendo servi\u00e7os profissionais de registro de marcas. Absolutamente tudo o que voc\u00ea precisa saber.\" \/>\n<meta name=\"robots\" content=\"index, follow, max-snippet:-1, max-image-preview:large, max-video-preview:-1\" \/>\n<link rel=\"canonical\" href=\"https:\/\/marcapacita.com\/index.php\/curso-registro-marca\/\" \/>\n<meta property=\"og:locale\" content=\"en_US\" \/>\n<meta property=\"og:type\" content=\"article\" \/>\n<meta property=\"og:title\" content=\"Agente de Marcas - marcapacita.com\" \/>\n<meta property=\"og:description\" content=\"Aprenda a proteger sua marca ou ganhe dinheiro oferecendo servi\u00e7os profissionais de registro de marcas. Absolutamente tudo o que voc\u00ea precisa saber.\" \/>\n<meta property=\"og:url\" content=\"https:\/\/marcapacita.com\/index.php\/curso-registro-marca\/\" \/>\n<meta property=\"og:site_name\" content=\"marcapacita.com\" \/>\n<meta property=\"article:modified_time\" content=\"2023-07-06T17:03:46+00:00\" \/>\n<meta name=\"twitter:card\" content=\"summary_large_image\" \/>\n<meta name=\"twitter:label1\" content=\"Est. reading time\" \/>\n\t<meta name=\"twitter:data1\" content=\"4 minutes\" \/>\n<script type=\"application\/ld+json\" class=\"yoast-schema-graph\">{\"@context\":\"https:\/\/schema.org\",\"@graph\":[{\"@type\":\"WebPage\",\"@id\":\"https:\/\/marcapacita.com\/index.php\/curso-registro-marca\/\",\"url\":\"https:\/\/marcapacita.com\/index.php\/curso-registro-marca\/\",\"name\":\"Agente de Marcas - marcapacita.com\",\"isPartOf\":{\"@id\":\"https:\/\/marcapacita.com\/#website\"},\"datePublished\":\"2023-07-04T00:18:11+00:00\",\"dateModified\":\"2023-07-06T17:03:46+00:00\",\"description\":\"Aprenda a proteger sua marca ou ganhe dinheiro oferecendo servi\u00e7os profissionais de registro de marcas. Absolutamente tudo o que voc\u00ea precisa saber.\",\"breadcrumb\":{\"@id\":\"https:\/\/marcapacita.com\/index.php\/curso-registro-marca\/#breadcrumb\"},\"inLanguage\":\"en-US\",\"potentialAction\":[{\"@type\":\"ReadAction\",\"target\":[\"https:\/\/marcapacita.com\/index.php\/curso-registro-marca\/\"]}]},{\"@type\":\"BreadcrumbList\",\"@id\":\"https:\/\/marcapacita.com\/index.php\/curso-registro-marca\/#breadcrumb\",\"itemListElement\":[{\"@type\":\"ListItem\",\"position\":1,\"name\":\"In\u00edcio\",\"item\":\"https:\/\/marcapacita.com\/\"},{\"@type\":\"ListItem\",\"position\":2,\"name\":\"Agente de Marcas\"}]},{\"@type\":\"WebSite\",\"@id\":\"https:\/\/marcapacita.com\/#website\",\"url\":\"https:\/\/marcapacita.com\/\",\"name\":\"marcapacita.com\",\"description\":\"\",\"publisher\":{\"@id\":\"https:\/\/marcapacita.com\/#organization\"},\"potentialAction\":[{\"@type\":\"SearchAction\",\"target\":{\"@type\":\"EntryPoint\",\"urlTemplate\":\"https:\/\/marcapacita.com\/?s={search_term_string}\"},\"query-input\":\"required name=search_term_string\"}],\"inLanguage\":\"en-US\"},{\"@type\":\"Organization\",\"@id\":\"https:\/\/marcapacita.com\/#organization\",\"name\":\"marcapacita.com\",\"url\":\"https:\/\/marcapacita.com\/\",\"logo\":{\"@type\":\"ImageObject\",\"inLanguage\":\"en-US\",\"@id\":\"https:\/\/marcapacita.com\/#\/schema\/logo\/image\/\",\"url\":\"https:\/\/marcapacita.com\/wp-content\/uploads\/2023\/07\/cropped-WhatsApp-Image-2023-07-03-at-14.54.35.jpeg\",\"contentUrl\":\"https:\/\/marcapacita.com\/wp-content\/uploads\/2023\/07\/cropped-WhatsApp-Image-2023-07-03-at-14.54.35.jpeg\",\"width\":1080,\"height\":279,\"caption\":\"marcapacita.com\"},\"image\":{\"@id\":\"https:\/\/marcapacita.com\/#\/schema\/logo\/image\/\"}}]}<\/script>\n<!-- \/ Yoast SEO plugin. -->","yoast_head_json":{"title":"Agente de Marcas - marcapacita.com","description":"Aprenda a proteger sua marca ou ganhe dinheiro oferecendo servi\u00e7os profissionais de registro de marcas. Absolutamente tudo o que voc\u00ea precisa saber.","robots":{"index":"index","follow":"follow","max-snippet":"max-snippet:-1","max-image-preview":"max-image-preview:large","max-video-preview":"max-video-preview:-1"},"canonical":"https:\/\/marcapacita.com\/index.php\/curso-registro-marca\/","og_locale":"en_US","og_type":"article","og_title":"Agente de Marcas - marcapacita.com","og_description":"Aprenda a proteger sua marca ou ganhe dinheiro oferecendo servi\u00e7os profissionais de registro de marcas. Absolutamente tudo o que voc\u00ea precisa saber.","og_url":"https:\/\/marcapacita.com\/index.php\/curso-registro-marca\/","og_site_name":"marcapacita.com","article_modified_time":"2023-07-06T17:03:46+00:00","twitter_card":"summary_large_image","twitter_misc":{"Est. reading time":"4 minutes"},"schema":{"@context":"https:\/\/schema.org","@graph":[{"@type":"WebPage","@id":"https:\/\/marcapacita.com\/index.php\/curso-registro-marca\/","url":"https:\/\/marcapacita.com\/index.php\/curso-registro-marca\/","name":"Agente de Marcas - marcapacita.com","isPartOf":{"@id":"https:\/\/marcapacita.com\/#website"},"datePublished":"2023-07-04T00:18:11+00:00","dateModified":"2023-07-06T17:03:46+00:00","description":"Aprenda a proteger sua marca ou ganhe dinheiro oferecendo servi\u00e7os profissionais de registro de marcas. Absolutamente tudo o que voc\u00ea precisa saber.","breadcrumb":{"@id":"https:\/\/marcapacita.com\/index.php\/curso-registro-marca\/#breadcrumb"},"inLanguage":"en-US","potentialAction":[{"@type":"ReadAction","target":["https:\/\/marcapacita.com\/index.php\/curso-registro-marca\/"]}]},{"@type":"BreadcrumbList","@id":"https:\/\/marcapacita.com\/index.php\/curso-registro-marca\/#breadcrumb","itemListElement":[{"@type":"ListItem","position":1,"name":"In\u00edcio","item":"https:\/\/marcapacita.com\/"},{"@type":"ListItem","position":2,"name":"Agente de Marcas"}]},{"@type":"WebSite","@id":"https:\/\/marcapacita.com\/#website","url":"https:\/\/marcapacita.com\/","name":"marcapacita.com","description":"","publisher":{"@id":"https:\/\/marcapacita.com\/#organization"},"potentialAction":[{"@type":"SearchAction","target":{"@type":"EntryPoint","urlTemplate":"https:\/\/marcapacita.com\/?s={search_term_string}"},"query-input":"required name=search_term_string"}],"inLanguage":"en-US"},{"@type":"Organization","@id":"https:\/\/marcapacita.com\/#organization","name":"marcapacita.com","url":"https:\/\/marcapacita.com\/","logo":{"@type":"ImageObject","inLanguage":"en-US","@id":"https:\/\/marcapacita.com\/#\/schema\/logo\/image\/","url":"https:\/\/marcapacita.com\/wp-content\/uploads\/2023\/07\/cropped-WhatsApp-Image-2023-07-03-at-14.54.35.jpeg","contentUrl":"https:\/\/marcapacita.com\/wp-content\/uploads\/2023\/07\/cropped-WhatsApp-Image-2023-07-03-at-14.54.35.jpeg","width":1080,"height":279,"caption":"marcapacita.com"},"image":{"@id":"https:\/\/marcapacita.com\/#\/schema\/logo\/image\/"}}]}},"_links":{"self":[{"href":"https:\/\/marcapacita.com\/index.php\/wp-json\/wp\/v2\/pages\/53"}],"collection":[{"href":"https:\/\/marcapacita.com\/index.php\/wp-json\/wp\/v2\/pages"}],"about":[{"href":"https:\/\/marcapacita.com\/index.php\/wp-json\/wp\/v2\/types\/page"}],"author":[{"embeddable":true,"href":"https:\/\/marcapacita.com\/index.php\/wp-json\/wp\/v2\/users\/1"}],"replies":[{"embeddable":true,"href":"https:\/\/marcapacita.com\/index.php\/wp-json\/wp\/v2\/comments?post=53"}],"version-history":[{"count":3,"href":"https:\/\/marcapacita.com\/index.php\/wp-json\/wp\/v2\/pages\/53\/revisions"}],"predecessor-version":[{"id":105,"href":"https:\/\/marcapacita.com\/index.php\/wp-json\/wp\/v2\/pages\/53\/revisions\/105"}],"wp:attachment":[{"href":"https:\/\/marcapacita.com\/index.php\/wp-json\/wp\/v2\/media?parent=53"}],"curies":[{"name":"wp","href":"https:\/\/api.w.org\/{rel}","templated":true}]}}